 
 
 
{"id":99,"date":"2018-04-04T16:55:07","date_gmt":"2018-04-04T14:55:07","guid":{"rendered":"https:\/\/pro.nuki.io\/member-register\/"},"modified":"2025-08-20T09:49:51","modified_gmt":"2025-08-20T07:49:51","slug":"member-register","status":"publish","type":"page","link":"https:\/\/pro.nuki.io\/de\/member-register\/","title":{"rendered":"Registrierung als Nuki Pro Partner"},"content":{"rendered":"<p style=\"text-align: center;\">M\u00f6chtest du Nuki in dein Produktsortiment aufnehmen und von unserem exklusiven Partnerprogramm profitieren?<br>\r\nDann f\u00fcll bitte das Registrierungsformular aus. Wir freuen uns auf deine Kontaktaufnahme!<\/p>\r\n&nbsp;\r\n\r\n<div id=\"register-form\" class=\"widecolumn register-form\">\n\t\t\t\t<form id=\"signupform\" action1=\"https:\/\/pro.nuki.io\/wp-login.php?action=register\" method=\"post\">\n\t\t<div class=\"grid-container\">\n\t\t\t<div class=\"grid-70 prefix-15 suffix-15\">\n\t\t\t\t<p class=\"form-row grid-100\">\n\t\t\t\t\t<label for=\"country\">Land <strong>*<\/strong><\/label>\n\t\t\t\t\t<select name=\"country\" id=\"country\">\n\t\t\t\t\t\t<option value=\"\">Land ausw\u00e4hlen\u2026<\/option>\n\t\t\t\t\t\t\t\t\t\t\t\t\t<option value=\"BE\">Belgien<\/option>';\n\t\t\t\t\t\t\t\t\t\t\t\t\t<option value=\"BG\">Bulgarien<\/option>';\n\t\t\t\t\t\t\t\t\t\t\t\t\t<option value=\"DE\">Deutschland<\/option>';\n\t\t\t\t\t\t\t\t\t\t\t\t\t<option value=\"DK\">D\u00e4nemark<\/option>';\n\t\t\t\t\t\t\t\t\t\t\t\t\t<option value=\"EE\">Estland<\/option>';\n\t\t\t\t\t\t\t\t\t\t\t\t\t<option value=\"FI\">Finnland<\/option>';\n\t\t\t\t\t\t\t\t\t\t\t\t\t<option value=\"FR\">Frankreich<\/option>';\n\t\t\t\t\t\t\t\t\t\t\t\t\t<option value=\"GR\">Griechenland<\/option>';\n\t\t\t\t\t\t\t\t\t\t\t\t\t<option value=\"IE\">Irland<\/option>';\n\t\t\t\t\t\t\t\t\t\t\t\t\t<option value=\"IT\">Italien<\/option>';\n\t\t\t\t\t\t\t\t\t\t\t\t\t<option value=\"HR\">Kroatien<\/option>';\n\t\t\t\t\t\t\t\t\t\t\t\t\t<option value=\"LV\">Lettland<\/option>';\n\t\t\t\t\t\t\t\t\t\t\t\t\t<option value=\"LT\">Litauen<\/option>';\n\t\t\t\t\t\t\t\t\t\t\t\t\t<option value=\"LU\">Luxemburg<\/option>';\n\t\t\t\t\t\t\t\t\t\t\t\t\t<option value=\"MT\">Malta<\/option>';\n\t\t\t\t\t\t\t\t\t\t\t\t\t<option value=\"MC\">Monaco<\/option>';\n\t\t\t\t\t\t\t\t\t\t\t\t\t<option value=\"NL\">Niederlande<\/option>';\n\t\t\t\t\t\t\t\t\t\t\t\t\t<option value=\"GB\">Nordirland<\/option>';\n\t\t\t\t\t\t\t\t\t\t\t\t\t<option value=\"NO\">Norwegen<\/option>';\n\t\t\t\t\t\t\t\t\t\t\t\t\t<option value=\"PL\">Polen<\/option>';\n\t\t\t\t\t\t\t\t\t\t\t\t\t<option value=\"PT\">Portugal<\/option>';\n\t\t\t\t\t\t\t\t\t\t\t\t\t<option value=\"RO\">Rum\u00e4nien<\/option>';\n\t\t\t\t\t\t\t\t\t\t\t\t\t<option value=\"SE\">Schweden<\/option>';\n\t\t\t\t\t\t\t\t\t\t\t\t\t<option value=\"CH\">Schweiz<\/option>';\n\t\t\t\t\t\t\t\t\t\t\t\t\t<option value=\"SK\">Slowakei<\/option>';\n\t\t\t\t\t\t\t\t\t\t\t\t\t<option value=\"SI\">Slowenien<\/option>';\n\t\t\t\t\t\t\t\t\t\t\t\t\t<option value=\"ES\">Spanien<\/option>';\n\t\t\t\t\t\t\t\t\t\t\t\t\t<option value=\"CZ\">Tschechien<\/option>';\n\t\t\t\t\t\t\t\t\t\t\t\t\t<option value=\"HU\">Ungarn<\/option>';\n\t\t\t\t\t\t\t\t\t\t\t\t\t<option value=\"CY\">Zypern<\/option>';\n\t\t\t\t\t\t\t\t\t\t\t\t\t<option value=\"AT\">\u00d6sterreich<\/option>';\n\t\t\t\t\t\t\t\t\t\t\t<\/select>\n\t\t\t\t<\/p>\n\t\t\t\t<div id=\"country-hide\">\n\t\t\t\t\t<p class=\"form-row grid-20\">\n\t\t\t\t\t\t<label for=\"salutation\">Anrede\t\t\t\t\t\t\t<strong>*<\/strong>\n\t\t\t\t\t\t<\/label>\n\t\t\t\t\t\t<select name=\"salutation\">\n\t\t\t\t\t\t\t<option value=\"\">Ausw\u00e4hlen\u2026<\/option>\n\t\t\t\t\t\t\t<option value=\"mr\" >Herr<\/option>\n\t\t\t\t\t\t\t<option value=\"mrs\" >Frau<\/option>\n\t\t\t\t\t\t\t<option value=\"company\" >Firma<\/option>\n\t\t\t\t\t\t<\/select>\n\t\t\t\t\t<\/p>\n\t\t\t\t\t<p class=\"form-row grid-40\">\n\t\t\t\t\t\t<label for=\"first_name\">Vorname\t\t\t\t\t\t\t<strong>*<\/strong><\/label>\n\t\t\t\t\t\t<input type=\"text\" name=\"first_name\" id=\"first-name\" maxlength=\"15\" value=\"\">\n\t\t\t\t\t<\/p>\n\t\t\t\t\t<p class=\"form-row grid-40\">\n\t\t\t\t\t\t<label for=\"last_name\">Nachname <strong>*<\/strong><\/label>\n\t\t\t\t\t\t<input type=\"text\" name=\"last_name\" id=\"last-name\" maxlength=\"15\" value=\"\">\n\t\t\t\t\t<\/p>\n\t\t\t\t\t<p class=\"form-row grid-70\">\n\t\t\t\t\t\t<label for=\"company\">Firmenname\t\t\t\t\t\t\t<strong>*<\/strong>\n\t\t\t\t\t\t<\/label>\n\t\t\t\t\t\t<input type=\"text\" name=\"company\" id=\"company\" maxlength=\"25\" value=\"\">\n\t\t\t\t\t<\/p>\n\t\t\t\t\t<p class=\"form-row grid-30\">\n\t\t\t\t\t\t<label for=\"vat_number\">USt-ID\t\t\t\t\t\t\t<strong>*<\/strong>\n\t\t\t\t\t\t<\/label>\n\t\t\t\t\t\t<input type=\"text\" name=\"vat_number\" id=\"vat-number\" maxlength=\"25\" value=\"\">\n\t\t\t\t\t<\/p>\n\t\t\t\t\t<p class=\"form-row grid-70\">\n\t\t\t\t\t\t<label for=\"street\">Stra\u00dfe <strong>*<\/strong><\/label>\n\t\t\t\t\t\t<input type=\"text\" name=\"street\" id=\"street\" maxlength=\"25\" value=\"\">\n\t\t\t\t\t<\/p>\n\t\t\t\t\t<p class=\"form-row grid-30\">\n\t\t\t\t\t\t<label for=\"house_number\">Hausnummer\t\t\t\t\t\t\t<strong>*<\/strong>\n\t\t\t\t\t\t<\/label>\n\t\t\t\t\t\t<input type=\"text\" name=\"house_number\" id=\"house-number\" maxlength=\"10\" value=\"\">\n\t\t\t\t\t<\/p>\n\t\t\t\t\t<p class=\"form-row grid-30\">\n\t\t\t\t\t\t<label for=\"zip\">Postleitzahl <strong>*<\/strong><\/label>\n\t\t\t\t\t\t<input type=\"text\" name=\"zip\" id=\"zip\" maxlength=\"12\" value=\"\">\n\t\t\t\t\t<\/p>\n\t\t\t\t\t<p class=\"form-row grid-70\">\n\t\t\t\t\t\t<label for=\"city\">Stadt <strong>*<\/strong><\/label>\n\t\t\t\t\t\t<input type=\"text\" name=\"city\" id=\"city\" maxlength=\"20\" value=\"\">\n\t\t\t\t\t<\/p>\n\t\t\t\t\t<p class=\"form-row grid-50\">\n\t\t\t\t\t\t<label for=\"phone\">Telefonnummer <strong>*<\/strong><\/label>\n\t\t\t\t\t\t<input type=\"text\" name=\"phone\" id=\"phone\" maxlength=\"20\" value=\"\">\n\t\t\t\t\t\t<small style=\"display:block;line-height: 1.3em;margin-top: 4px;opacity: 0.75;\">Bitte beachten Sie, dass diese Telefonnummer als Kontaktnummer in der H\u00e4ndler-Landkarte angef\u00fchrt wird.<\/small>\n\t\t\t\t\t<\/p>\n\t\t\t\t\t<p class=\"form-row grid-50\">\n\t\t\t\t\t\t<label for=\"email\">Email <strong>*<\/strong><\/label>\n\t\t\t\t\t\t<input type=\"text\" name=\"email\" id=\"email\" value=\"\">\n\t\t\t\t\t<\/p>\n\t\t\t\t\t<p class=\"form-row grid-100\">\n\t\t\t\t\t\t<label for=\"website\">Website <strong>*<\/strong><\/label>\n\t\t\t\t\t\t<label style=\"margin-bottom: 5px;\">\n\t\t\t\t\t\t\t<input style=\"margin-right: 5px;\" type=\"checkbox\" name=\"websitecheck\" id=\"websitecheck\" value=\"websitecheck\"  \/>  Ich habe keine Website\t\t\t\t\t\t<\/label>\n\t\t\t\t\t\t<input type=\"text\" style=\"display: block\" name=\"website\" id=\"website\" value=\"\">\n\t\t\t\t\t<\/p>\n\t\t\t\t\t<p class=\"grid-100\">\n\t\t\t\t\t\t<label>Welcher Branche ist dein Unternehmen zugeordnet? <strong>*<\/strong><\/label>\n\t\t\t\t\t\t<br>\n\t\t\t\t\t\t<input type=\"radio\" id=\"locksmith\" name=\"profession\" value=\"locksmith\" class=\"uncheck\"  \/>\n\t\t\t\t\t\t<label for=\"locksmith\">Schl\u00fcsseldienst<\/label>\n\t\t\t\t\t\t<br>\n\t\t\t\t\t\t<input type=\"radio\" id=\"electrician\" name=\"profession\" value=\"electrician\" class=\"uncheck\"  \/>\n\t\t\t\t\t\t<label for=\"electrician\">Elektroinstallationsbetrieb<\/label>\n\t\t\t\t\t\t<br>\n\t\t\t\t\t\t<input type=\"radio\" id=\"smarthomespecialist\" name=\"profession\" value=\"smarthomespecialist\" class=\"uncheck\"  \/>\n\t\t\t\t\t\t<label for=\"smarthomespecialist\">Smart Home Ausstatter<\/label>\n\t\t\t\t\t\t<br>\n\t\t\t\t\t\t<input type=\"radio\" id=\"doormanufacturer\" name=\"profession\" value=\"doormanufacturer\" class=\"uncheck\"  \/>\n\t\t\t\t\t\t<label for=\"doormanufacturer\">Tischler\/T\u00fcrenhersteller<\/label>\n\t\t\t\t\t\t<br>\n\t\t\t\t\t\t<input type=\"radio\" id=\"wholesale\" name=\"profession\" value=\"wholesale\" class=\"uncheck\"  \/>\n\t\t\t\t\t\t<label for=\"wholesale\">Gro\u00dfhandel<\/label>\n\t\t\t\t\t\t<br>\n\t\t\t\t\t\t<input type=\"radio\" id=\"retail\" name=\"profession\" value=\"retail\" class=\"uncheck\"  \/>\n\t\t\t\t\t\t<label for=\"retail\">Einzelhandel<\/label>\n\t\t\t\t\t\t<br>\n\t\t\t\t\t\t<input type=\"radio\" id=\"other\" name=\"profession\" value=\"other\" class=\"uncheck last\"  \/>\n\t\t\t\t\t\t<label for=\"other\">Andere<\/label>\n\t\t\t\t\t<\/p>\n\t\t\t\t\t\n\t\t\t\t\t<p class=\"form-row grid-100\" style=\"display: none; \" id=\"otherprofessionwrap\">\n\t\t\t\t\t\t<label for=\"otherprofession\">Andere (bitte angeben) <strong>*<\/strong><\/label>\n\t\t\t\t\t\t<input type=\"text\" name=\"otherprofession\" id=\"otherprofession\" value=\"\">\n\t\t\t\t\t<\/p>\n\t\t\t\t\t<p class=\"grid-100\">\n\t\t\t\t\t\t<label>An welcher Art der Zusammenarbeit bist du interessiert?\t\t\t\t\t\t\t<strong>*<\/strong><\/label>\n\t\t\t\t\t\t<br>\n\t\t\t\t\t\t<input type=\"checkbox\" id=\"reseller\" name=\"cooperation[]\" value=\"reseller\"  \/>\n\t\t\t\t\t\t<label for=\"reseller\">Ich m\u00f6chte als Wiederverk\u00e4ufer t\u00e4tig sein.<\/label>\n\t\t\t\t\t\t<br>\n\t\t\t\t\t\t<input type=\"checkbox\" id=\"addoffer\" name=\"cooperation[]\" value=\"addoffer\"  \/>\n\t\t\t\t\t\t<label for=\"addoffer\">Ich m\u00f6chte Nuki f\u00fcr mein eigenes Unternehmen verwenden.<\/label>\n\t\t\t\t\t<\/p>\n\t\t\t\t\t<p class=\"grid-100\">\n\t\t\t\t\t\t<label>Hast du ein station\u00e4res Gesch\u00e4ft und\/oder einen Online Shop?\t\t\t\t\t\t\t<strong>*<\/strong><\/label>\n\t\t\t\t\t\t<br>\n\t\t\t\t\t\t<input type=\"checkbox\" id=\"physicalstore\" name=\"store[]\" value=\"physicalstore\"  \/>\n\t\t\t\t\t\t<label for=\"physicalstore\">station\u00e4res Gesch\u00e4ft<\/label>\n\t\t\t\t\t\t<br>\n\t\t\t\t\t\t<input type=\"checkbox\" id=\"onlineshop\" name=\"store[]\" value=\"onlineshop\" class=\"shopcheck\"  \/>\n\t\t\t\t\t\t<label for=\"onlineshop\">Online Shop<\/label>\n\t\t\t\t\t<\/p>\n\t\t\t\t\t<p class=\"form-row grid-100\" style=\"display: none\" id=\"onlineshopurlwrap\">\n\t\t\t\t\t\t<label for=\"onlineshopurl\">Online shop URL<\/label>\n\t\t\t\t\t\t<input type=\"text\" name=\"onlineshopurl\" id=\"onlineshopurl\" value=\"\">\n\t\t\t\t\t<\/p>\n\t\t\t\t\t\n\t\t\t\t\t<p class=\"grid-100\">\n\t\t\t\t\t\t<label>Woher kennst du das Nuki Pro Programm?  <strong>*<\/strong><\/label>\n\t\t\t\t\t\t<br>\n\t\t\t\t\t\t<input type=\"checkbox\" id=\"social-media\" name=\"where[]\" value=\"social-media\" class=\"uncheck-where\"  \/>\n\t\t\t\t\t\t<label for=\"social-media\">Soziale Medien (z.B. Facebook)<\/label>\n\t\t\t\t\t\t<br>\n\t\t\t\t\t\t<input type=\"checkbox\" id=\"internet-research\" name=\"where[]\" value=\"internet-research\" class=\"uncheck-where\"  \/>\n\t\t\t\t\t\t<label for=\"internet-research\">Internetrecherche<\/label>\n\t\t\t\t\t\t<br>\n\t\t\t\t\t\t<input type=\"checkbox\" id=\"magazines\" name=\"where[]\" value=\"magazines\" class=\"uncheck-where\"  \/>\n\t\t\t\t\t\t<label for=\"magazines\">Zeitschriften <\/label>\n\t\t\t\t\t\t<br>\n\t\t\t\t\t\t<input type=\"checkbox\" id=\"exhibition\" name=\"where[]\" value=\"exhibition\" class=\"uncheck-where\"  \/>\n\t\t\t\t\t\t<label for=\"exhibition\">Messe<\/label>\n\t\t\t\t\t\t<br>\n\t\t\t\t\t\t<input type=\"checkbox\" id=\"friends-relatives\" name=\"where[]\" value=\"friends-relatives\" class=\"uncheck-where\"  \/>\n\t\t\t\t\t\t<label for=\"friends-relatives\">Freunde\/Bekannte<\/label>\n\t\t\t\t\t\t<br>\n\t\t\t\t\t\t<input type=\"checkbox\" id=\"other-where\" name=\"where[]\" value=\"other-where\" class=\"uncheck-where last\"  \/>\n\t\t\t\t\t\t<label for=\"other-where\">Andere<\/label>\n\t\t\t\t\t<\/p>\n\t\t\t\t\t<p class=\"form-row grid-100\" style=\"display: none; \" id=\"otherwherewrap\">\n\t\t\t\t\t\t<label for=\"otherwhere\">Andere (bitte angeben)<\/label>\n\t\t\t\t\t\t<input type=\"text\" name=\"otherwhere\" id=\"otherwhere\" value=\"\">\n\t\t\t\t\t<\/p>\n\t\t\t\t\t\n\t\t\t\t\t<p class=\"form-row grid-100\">\n\t\t\t\t\t\t<label for=\"message\">Erz\u00e4hl uns mehr \u00fcber dein Unternehmen: Kunden, Vertriebsm\u00f6glichkeiten, Gesch\u00e4ftsfeld (national, international, weltweit), geplante Einsatzm\u00f6glichkeiten von Nuki, gesch\u00e4tzte Absatzmenge pro Jahr etc. <\/label>\n\t\t\t\t\t\t<textarea name=\"message\" id=\"message\"><\/textarea>\n\t\t\t\t\t<\/p>\n\t\t\t\t\t<p class=\"grid-100\">\n\t\t\t\t\t\t<input type=\"checkbox\" name=\"terms\" value=\"1\"  \/>\n\t\t\t\t\t\t<label for=\"terms\">\n\t\t\t\t\t\t\tIch habe die <a href=\"https:\/\/pro.nuki.io\/wp-content\/uploads\/2023\/03\/partner_agreement_23_DE.pdf\" target=\"_blank\">Besonderen Gesch\u00e4ftsbedingungen f\u00fcr Nuki Pro Partner<\/a> sowie die <a href=\"https:\/\/pro.nuki.io\/de\/allgemeine-geschaeftsbedingungen\/\" target=\"_blank\">Allgemeinen Gesch\u00e4ftsbedingungen von Nuki<\/a> gelesen und akzeptiere sie.\t\t\t\t\t\t<\/label>\n\t\t\t\t\t<\/p>\n\t\t\t\t\t\n\t\t\t\t\t<!-- Hidden tracking fields -->\n\t\t\t\t\t<input type=\"hidden\" name=\"campaignId\" value=\"-\"\/>\n\t\t\t\t\t<input type=\"hidden\" name=\"utm_source\" value=\"\"\/>\n\t\t\t\t\t<input type=\"hidden\" name=\"utm_medium\" value=\"\"\/>\n\t\t\t\t\t<input type=\"hidden\" name=\"utm_campaign_id\" value=\"\"\/>\n\t\t\t\t\t<input type=\"hidden\" name=\"utm_campaign\" value=\"\"\/>\n\t\t\t\t\t<input type=\"hidden\" name=\"utm_content\" value=\"\"\/>\n\t\t\t\t\t<input type=\"hidden\" name=\"locale\" value=\"\"\/>\n\t\t\t\t\t\n\t\t\t\t\t<p class=\"signup-submit\">\n\t\t\t\t\t\t<input type=\"submit\" name=\"submit\" class=\"register-button\" value=\"Registrieren\"\/>\n\t\t\t\t\t<\/p>\n\t\t\t\t<\/div>\n\t\t\t\t<div id=\"country-show\" style=\"display: none\">\n\t\t\t\t\t<p class=\"form-row grid-100\">Wir freuen uns \u00fcber Ihr Interesse Nuki Pro Partner zu werden! F\u00fcr das von Ihnen gew\u00e4hlte Land ist eine Registrierung im Nuki Pro Shop leider nicht m\u00f6glich. Bitte wenden Sie sich an unseren exklusiven Distributionspartner vor Ort.\t\t\t\t\t\t<a href=\"\" target=\"_blank\" id=\"disti-url\">\n\t\t\t\t\t\t\t<strong id=\"disti-name\"><\/strong>\n\t\t\t\t\t\t<\/a>\n\t\t\t\t\t<\/p>\n\t\t\t\t<\/div>\n\t\t\t<\/div>\n\t\t<\/div>\n\t<\/form>\n<\/div>\n<script>\n\tjQuery(document).ready(function ($) {\n\n\t\t\/\/ ---- UMC Cookie Fallback ----\n\t\t\/\/ PHP reads the cookie server-side, but if it wasn't available at render time\n\t\t\/\/ (e.g. set by JS on the same or a previous page), we fill the fields here.\n\t\tfunction getUmcCookie() {\n\t\t\tvar match = document.cookie.match(\/(^|;\\s*)umc=([^;]*)\/);\n\t\t\treturn match ? match[2] : null;\n\t\t}\n\n\t\tvar rawUmc = getUmcCookie();\n\t\tif (rawUmc) {\n\t\t\ttry {\n\t\t\t\tvar umc = JSON.parse(decodeURIComponent(rawUmc));\n\t\t\t\tvar fields = {\n\t\t\t\t\t'utm_source':      umc.source       || '',\n\t\t\t\t\t'utm_medium':      umc.medium       || '',\n\t\t\t\t\t'utm_campaign_id': umc.campaignId   || '',\n\t\t\t\t\t'utm_campaign':    umc.campaignName || '',\n\t\t\t\t\t'utm_content':     umc.content      || '',\n\t\t\t\t\t'locale':          umc.locale       || ''\n\t\t\t\t};\n\t\t\t\t$.each(fields, function (name, value) {\n\t\t\t\t\tvar $field = $('input[name=\"' + name + '\"]');\n\t\t\t\t\t\/\/ Only fill if PHP left the field empty (don't override URL-param values)\n\t\t\t\t\tif ($field.length && $field.val() === '' && value) {\n\t\t\t\t\t\t$field.val(value);\n\t\t\t\t\t}\n\t\t\t\t});\n\t\t\t} catch (e) {\n\t\t\t\tconsole.warn('umc cookie parse error:', e);\n\t\t\t}\n\t\t}\n\t\t\/\/ ---- End UMC Cookie Fallback ----\n\n\t\tvar notAllowedCountries = ['CZ', 'SK']; \/\/'RO', 'GR', 'PT', 'LT', 'LV', 'EE'\n\t\tvar distributors = {\n\t\t\tCZ: {name: \"Elektro-System-Technik s.r.o.\", url: \"http:\/\/www.est-praha.cz\/\"},\n\t\t\tSK: {name: \"EST Elektro-System-Technik, s.r.o.\", url: \"http:\/\/www.est-slovensko.sk\/\"},\n\t\t\t\/\/RO: {name: \"Automatech Online SRL\", url: \"https:\/\/automa.ro\/\"},\n\t\t\t\/\/GR: {name: \"NS Key\", url: \"https:\/\/www.nal.gr\"},\n\t\t\t\/\/PT: {name: \"Servisoft\", url: \"https:\/\/www.servisoft.pt\/\"},\n\t\t\t\/\/PL: {name: \"Horn Distribution S.A.\", url: \"https:\/\/pl.horn.eu\/\"}\n\t\t\t\/\/EE: {name: \"BAJTEL\", url: \"http:\/\/bajtel.lv\/ \"},\n\t\t\t\/\/LT: {name: \"BAJTEL\", url: \"http:\/\/bajtel.lv\/ \"},\n\t\t\t\/\/LV: {name: \"BAJTEL\", url: \"http:\/\/bajtel.lv\/ \"},\n\t\t}\n\n\t\t$('#country').on('change', function () {\n\t\t\tif ($.inArray($(this).val(), notAllowedCountries) !== -1) {\n\t\t\t\t$('#country-hide').hide();\n\t\t\t\t$('#country-show').show();\n\t\t\t\t$('#disti-url').attr('href', distributors[$(this).val()]['url']);\n\t\t\t\t$('#disti-name').text(distributors[$(this).val()]['name']);\n\t\t\t} else {\n\t\t\t\t$('#country-hide').show();\n\t\t\t\t$('#country-show').hide();\n\t\t\t}\n\t\t});\n\n\t\t$('input[name=\"profession\"]').on('change', function () {\n\t\t\tif ($(this).val() === 'other') {\n\t\t\t\t$('#otherprofessionwrap').show();\n\t\t\t} else {\n\t\t\t\t$('#otherprofessionwrap').hide();\n\t\t\t}\n\t\t});\n\t\t\n\t\t$('input.uncheck-where').on('change', function () {\n\t\t\tif ($(this).hasClass('last')) {\n\t\t\t\t$('input.uncheck-where').not(this).prop('checked', false);\n\t\t\t\t$('#otherwherewrap').show();\n\t\t\t} else {\n\t\t\t\t$('#other-where').prop('checked', false);\n\t\t\t\t$('#otherwherewrap').hide();\n\t\t\t}\n\t\t});\n\n\t\t$('.shopcheck').on('change', function () {\n\t\t\t$('#onlineshopurlwrap').toggle();\n\t\t});\n\t\t$('#websitecheck').on('change', function () {\n\t\t\t$('#website').toggle();\n\t\t});\n\n\t\t$('#signupform').submit(function () {\n\t\t\tvar alertMessage = '';\n\t\t\tif ($('#onlineshop').is(':checked') && $('#onlineshopurl').val() == \"\") {\n\t\t\t\t$('#onlineshopurl').focus();\n\t\t\t\talertMessage = '\u2022 Bitte geben Sie die URL Ihres Online-Shops an \\n';\n\t\t\t}\n\t\t\tif (!$('#websitecheck').is(':checked') && $('#website').val() == \"\") {\n\t\t\t\t$('#onlineshopurl').focus();\n\t\t\t\talertMessage += '\u2022 Bitte geben Sie Ihre Website-URL an \\n';\n\t\t\t}\n\t\t\tif ($('#country').val() == 'CH') {\n\t\t\t\tlet vatNumber = $('#vat-number').val();\n\t\t\t\tlet vatRegex = new RegExp(\/((CHE)(-|\\s)?|)\\d{3}(\\.|\\s)?\\d{3}(\\.|\\s)?\\d{3}(\\s)?(IVA|TVA|MWST|VAT)?\/g);\n\t\t\t\tif (!vatRegex.test(vatNumber)) {\n\t\t\t\t\talertMessage += '\u2022 Bitte geben Sie einen g\u00fcltige UID Nummer ein. Format ohne Sonderzeichen \\n';\n\t\t\t\t}\n\t\t\t}\n\t\t\tif ($('#other').is(':checked') && $('#otherprofession').val().trim() === \"\") {\n\t\t\t\t$('#otherprofession').focus();\n\t\t\t\talertMessage += '\u2022 Please specify your profession \\n';\n\t\t\t}\n\t\t\tif (alertMessage !== \"\") {\n\t\t\t\talert(alertMessage);\n\t\t\t\treturn false;\n\t\t\t}\n\t\t});\n\t});\n<\/script>","protected":false},"excerpt":{"rendered":"M\u00f6chtest du Nuki in dein Produktsortiment aufnehmen und von unserem exklusiven Partnerprogramm profitieren? Dann f\u00fcll bitte das Registrierungsformular aus. Wir freuen uns auf deine Kontaktaufnahme! &nbsp;","protected":false},"author":1,"featured_media":0,"parent":0,"menu_order":0,"comment_status":"closed","ping_status":"closed","template":"template-blanko.php","meta":{"footnotes":""},"acf":[],"_links":{"self":[{"href":"https:\/\/pro.nuki.io\/de\/wp-json\/wp\/v2\/pages\/99"}],"collection":[{"href":"https:\/\/pro.nuki.io\/de\/wp-json\/wp\/v2\/pages"}],"about":[{"href":"https:\/\/pro.nuki.io\/de\/wp-json\/wp\/v2\/types\/page"}],"author":[{"embeddable":true,"href":"https:\/\/pro.nuki.io\/de\/wp-json\/wp\/v2\/users\/1"}],"replies":[{"embeddable":true,"href":"https:\/\/pro.nuki.io\/de\/wp-json\/wp\/v2\/comments?post=99"}],"version-history":[{"count":0,"href":"https:\/\/pro.nuki.io\/de\/wp-json\/wp\/v2\/pages\/99\/revisions"}],"wp:attachment":[{"href":"https:\/\/pro.nuki.io\/de\/wp-json\/wp\/v2\/media?parent=99"}],"curies":[{"name":"wp","href":"https:\/\/api.w.org\/{rel}","templated":true}]}}