 
 
 
{"id":8431,"date":"2021-03-25T11:42:14","date_gmt":"2021-03-25T10:42:14","guid":{"rendered":"https:\/\/pro.nuki.io\/?page_id=8431"},"modified":"2021-03-25T11:42:14","modified_gmt":"2021-03-25T10:42:14","slug":"registrese-como-socio-nuki-pro","status":"publish","type":"page","link":"https:\/\/pro.nuki.io\/es\/registrese-como-socio-nuki-pro\/","title":{"rendered":"Reg\u00edstrese como socio Nuki Pro"},"content":{"rendered":"<p style=\"text-align: center;\">\u00bfQuiere a\u00f1adir Nuki a su gama de productos y beneficiarse de nuestro exclusivo programa para socios?<br>\r\nEntonces rellene el formulario de inscripci\u00f3n. Nos alegraremos de tener noticias suyas.<\/p>\r\n&nbsp;\r\n\r\n<div id=\"register-form\" class=\"widecolumn register-form\">\n\t\t\t\t<form id=\"signupform\" action1=\"https:\/\/pro.nuki.io\/wp-login.php?action=register\" method=\"post\">\n\t\t<div class=\"grid-container\">\n\t\t\t<div class=\"grid-70 prefix-15 suffix-15\">\n\t\t\t\t<p class=\"form-row grid-100\">\n\t\t\t\t\t<label for=\"country\">Pa\u00eds <strong>*<\/strong><\/label>\n\t\t\t\t\t<select name=\"country\" id=\"country\">\n\t\t\t\t\t\t<option value=\"\">Seleccione su pa\u00eds.<\/option>\n\t\t\t\t\t\t\t\t\t\t\t\t\t<option value=\"BE\">B\u00e9lgica<\/option>';\n\t\t\t\t\t\t\t\t\t\t\t\t\t<option value=\"BG\">Bulgaria<\/option>';\n\t\t\t\t\t\t\t\t\t\t\t\t\t<option value=\"DE\">Alemania<\/option>';\n\t\t\t\t\t\t\t\t\t\t\t\t\t<option value=\"DK\">Dinamarca<\/option>';\n\t\t\t\t\t\t\t\t\t\t\t\t\t<option value=\"EE\">Estonia<\/option>';\n\t\t\t\t\t\t\t\t\t\t\t\t\t<option value=\"FI\">Finlandia<\/option>';\n\t\t\t\t\t\t\t\t\t\t\t\t\t<option value=\"FR\">Francia<\/option>';\n\t\t\t\t\t\t\t\t\t\t\t\t\t<option value=\"GR\">Grecia<\/option>';\n\t\t\t\t\t\t\t\t\t\t\t\t\t<option value=\"IE\">Irlanda<\/option>';\n\t\t\t\t\t\t\t\t\t\t\t\t\t<option value=\"IT\">Italia<\/option>';\n\t\t\t\t\t\t\t\t\t\t\t\t\t<option value=\"HR\">Croacia<\/option>';\n\t\t\t\t\t\t\t\t\t\t\t\t\t<option value=\"LV\">Letonia<\/option>';\n\t\t\t\t\t\t\t\t\t\t\t\t\t<option value=\"LT\">Lituania<\/option>';\n\t\t\t\t\t\t\t\t\t\t\t\t\t<option value=\"LU\">Luxemburgo<\/option>';\n\t\t\t\t\t\t\t\t\t\t\t\t\t<option value=\"MT\">Malta<\/option>';\n\t\t\t\t\t\t\t\t\t\t\t\t\t<option value=\"MC\">M\u00f3naco<\/option>';\n\t\t\t\t\t\t\t\t\t\t\t\t\t<option value=\"NL\">Pa\u00edses Bajos<\/option>';\n\t\t\t\t\t\t\t\t\t\t\t\t\t<option value=\"GB\">Irlanda del Norte<\/option>';\n\t\t\t\t\t\t\t\t\t\t\t\t\t<option value=\"NO\">Noruega<\/option>';\n\t\t\t\t\t\t\t\t\t\t\t\t\t<option value=\"PL\">Polonia<\/option>';\n\t\t\t\t\t\t\t\t\t\t\t\t\t<option value=\"PT\">Portugal<\/option>';\n\t\t\t\t\t\t\t\t\t\t\t\t\t<option value=\"RO\">Rumania<\/option>';\n\t\t\t\t\t\t\t\t\t\t\t\t\t<option value=\"SE\">Suecia<\/option>';\n\t\t\t\t\t\t\t\t\t\t\t\t\t<option value=\"CH\">Suiza<\/option>';\n\t\t\t\t\t\t\t\t\t\t\t\t\t<option value=\"SK\">Eslovaquia<\/option>';\n\t\t\t\t\t\t\t\t\t\t\t\t\t<option value=\"SI\">Eslovenia<\/option>';\n\t\t\t\t\t\t\t\t\t\t\t\t\t<option value=\"ES\">Espa\u00f1a<\/option>';\n\t\t\t\t\t\t\t\t\t\t\t\t\t<option value=\"CZ\">Rep\u00fablica Checa<\/option>';\n\t\t\t\t\t\t\t\t\t\t\t\t\t<option value=\"HU\">Hungr\u00eda<\/option>';\n\t\t\t\t\t\t\t\t\t\t\t\t\t<option value=\"CY\">Chipre<\/option>';\n\t\t\t\t\t\t\t\t\t\t\t\t\t<option value=\"AT\">Austria<\/option>';\n\t\t\t\t\t\t\t\t\t\t\t<\/select>\n\t\t\t\t<\/p>\n\t\t\t\t<div id=\"country-hide\">\n\t\t\t\t\t<p class=\"form-row grid-20\">\n\t\t\t\t\t\t<label for=\"salutation\">Tratamiento\t\t\t\t\t\t\t<strong>*<\/strong>\n\t\t\t\t\t\t<\/label>\n\t\t\t\t\t\t<select name=\"salutation\">\n\t\t\t\t\t\t\t<option value=\"\">Seleccione...<\/option>\n\t\t\t\t\t\t\t<option value=\"mr\" >Sr.<\/option>\n\t\t\t\t\t\t\t<option value=\"mrs\" >Sra.<\/option>\n\t\t\t\t\t\t\t<option value=\"company\" >Empresa<\/option>\n\t\t\t\t\t\t<\/select>\n\t\t\t\t\t<\/p>\n\t\t\t\t\t<p class=\"form-row grid-40\">\n\t\t\t\t\t\t<label for=\"first_name\">Nombre\t\t\t\t\t\t\t<strong>*<\/strong><\/label>\n\t\t\t\t\t\t<input type=\"text\" name=\"first_name\" id=\"first-name\" maxlength=\"15\" value=\"\">\n\t\t\t\t\t<\/p>\n\t\t\t\t\t<p class=\"form-row grid-40\">\n\t\t\t\t\t\t<label for=\"last_name\">Apellido <strong>*<\/strong><\/label>\n\t\t\t\t\t\t<input type=\"text\" name=\"last_name\" id=\"last-name\" maxlength=\"15\" value=\"\">\n\t\t\t\t\t<\/p>\n\t\t\t\t\t<p class=\"form-row grid-70\">\n\t\t\t\t\t\t<label for=\"company\">Empresa\t\t\t\t\t\t\t<strong>*<\/strong>\n\t\t\t\t\t\t<\/label>\n\t\t\t\t\t\t<input type=\"text\" name=\"company\" id=\"company\" maxlength=\"25\" value=\"\">\n\t\t\t\t\t<\/p>\n\t\t\t\t\t<p class=\"form-row grid-30\">\n\t\t\t\t\t\t<label for=\"vat_number\">N\u00famero de identificaci\u00f3n fiscal\t\t\t\t\t\t\t<strong>*<\/strong>\n\t\t\t\t\t\t<\/label>\n\t\t\t\t\t\t<input type=\"text\" name=\"vat_number\" id=\"vat-number\" maxlength=\"25\" value=\"\">\n\t\t\t\t\t<\/p>\n\t\t\t\t\t<p class=\"form-row grid-70\">\n\t\t\t\t\t\t<label for=\"street\">Calle <strong>*<\/strong><\/label>\n\t\t\t\t\t\t<input type=\"text\" name=\"street\" id=\"street\" maxlength=\"25\" value=\"\">\n\t\t\t\t\t<\/p>\n\t\t\t\t\t<p class=\"form-row grid-30\">\n\t\t\t\t\t\t<label for=\"house_number\">N\u00famero de casa\t\t\t\t\t\t\t<strong>*<\/strong>\n\t\t\t\t\t\t<\/label>\n\t\t\t\t\t\t<input type=\"text\" name=\"house_number\" id=\"house-number\" maxlength=\"10\" value=\"\">\n\t\t\t\t\t<\/p>\n\t\t\t\t\t<p class=\"form-row grid-30\">\n\t\t\t\t\t\t<label for=\"zip\">C\u00f3digo postal <strong>*<\/strong><\/label>\n\t\t\t\t\t\t<input type=\"text\" name=\"zip\" id=\"zip\" maxlength=\"12\" value=\"\">\n\t\t\t\t\t<\/p>\n\t\t\t\t\t<p class=\"form-row grid-70\">\n\t\t\t\t\t\t<label for=\"city\">Ciudad <strong>*<\/strong><\/label>\n\t\t\t\t\t\t<input type=\"text\" name=\"city\" id=\"city\" maxlength=\"20\" value=\"\">\n\t\t\t\t\t<\/p>\n\t\t\t\t\t<p class=\"form-row grid-50\">\n\t\t\t\t\t\t<label for=\"phone\">N\u00famero de tel\u00e9fono <strong>*<\/strong><\/label>\n\t\t\t\t\t\t<input type=\"text\" name=\"phone\" id=\"phone\" maxlength=\"20\" value=\"\">\n\t\t\t\t\t\t<small style=\"display:block;line-height: 1.3em;margin-top: 4px;opacity: 0.75;\">Tenga en cuenta que este n\u00famero de tel\u00e9fono aparecer\u00e1 como n\u00famero de contacto en el listado de distribuidores.<\/small>\n\t\t\t\t\t<\/p>\n\t\t\t\t\t<p class=\"form-row grid-50\">\n\t\t\t\t\t\t<label for=\"email\">Email <strong>*<\/strong><\/label>\n\t\t\t\t\t\t<input type=\"text\" name=\"email\" id=\"email\" value=\"\">\n\t\t\t\t\t<\/p>\n\t\t\t\t\t<p class=\"form-row grid-100\">\n\t\t\t\t\t\t<label for=\"website\">Sitio web <strong>*<\/strong><\/label>\n\t\t\t\t\t\t<label style=\"margin-bottom: 5px;\">\n\t\t\t\t\t\t\t<input style=\"margin-right: 5px;\" type=\"checkbox\" name=\"websitecheck\" id=\"websitecheck\" value=\"websitecheck\"  \/>  No tengo p\u00e1gina web\t\t\t\t\t\t<\/label>\n\t\t\t\t\t\t<input type=\"text\" style=\"display: block\" name=\"website\" id=\"website\" value=\"\">\n\t\t\t\t\t<\/p>\n\t\t\t\t\t<p class=\"grid-100\">\n\t\t\t\t\t\t<label>Indique su profesi\u00f3n <strong>*<\/strong><\/label>\n\t\t\t\t\t\t<br>\n\t\t\t\t\t\t<input type=\"radio\" id=\"locksmith\" name=\"profession\" value=\"locksmith\" class=\"uncheck\"  \/>\n\t\t\t\t\t\t<label for=\"locksmith\">Servicio de cerrajer\u00eda<\/label>\n\t\t\t\t\t\t<br>\n\t\t\t\t\t\t<input type=\"radio\" id=\"electrician\" name=\"profession\" value=\"electrician\" class=\"uncheck\"  \/>\n\t\t\t\t\t\t<label for=\"electrician\">Empresa de instalaci\u00f3n el\u00e9ctrica<\/label>\n\t\t\t\t\t\t<br>\n\t\t\t\t\t\t<input type=\"radio\" id=\"smarthomespecialist\" name=\"profession\" value=\"smarthomespecialist\" class=\"uncheck\"  \/>\n\t\t\t\t\t\t<label for=\"smarthomespecialist\">Proveedor de productos Smart Home<\/label>\n\t\t\t\t\t\t<br>\n\t\t\t\t\t\t<input type=\"radio\" id=\"doormanufacturer\" name=\"profession\" value=\"doormanufacturer\" class=\"uncheck\"  \/>\n\t\t\t\t\t\t<label for=\"doormanufacturer\">Fabricante de puertas\/carpintero<\/label>\n\t\t\t\t\t\t<br>\n\t\t\t\t\t\t<input type=\"radio\" id=\"wholesale\" name=\"profession\" value=\"wholesale\" class=\"uncheck\"  \/>\n\t\t\t\t\t\t<label for=\"wholesale\">Venta al por mayor<\/label>\n\t\t\t\t\t\t<br>\n\t\t\t\t\t\t<input type=\"radio\" id=\"retail\" name=\"profession\" value=\"retail\" class=\"uncheck\"  \/>\n\t\t\t\t\t\t<label for=\"retail\">Venta al por menor \/ Comercio minorista<\/label>\n\t\t\t\t\t\t<br>\n\t\t\t\t\t\t<input type=\"radio\" id=\"other\" name=\"profession\" value=\"other\" class=\"uncheck last\"  \/>\n\t\t\t\t\t\t<label for=\"other\">Otra<\/label>\n\t\t\t\t\t<\/p>\n\t\t\t\t\t\n\t\t\t\t\t<p class=\"form-row grid-100\" style=\"display: none; \" id=\"otherprofessionwrap\">\n\t\t\t\t\t\t<label for=\"otherprofession\">Otra (indique una) <strong>*<\/strong><\/label>\n\t\t\t\t\t\t<input type=\"text\" name=\"otherprofession\" id=\"otherprofession\" value=\"\">\n\t\t\t\t\t<\/p>\n\t\t\t\t\t<p class=\"grid-100\">\n\t\t\t\t\t\t<label>\u00bfQu\u00e9 tipo de cooperaci\u00f3n te interesa?\t\t\t\t\t\t\t<strong>*<\/strong><\/label>\n\t\t\t\t\t\t<br>\n\t\t\t\t\t\t<input type=\"checkbox\" id=\"reseller\" name=\"cooperation[]\" value=\"reseller\"  \/>\n\t\t\t\t\t\t<label for=\"reseller\">Me gustar\u00eda ser distribuidor.<\/label>\n\t\t\t\t\t\t<br>\n\t\t\t\t\t\t<input type=\"checkbox\" id=\"addoffer\" name=\"cooperation[]\" value=\"addoffer\"  \/>\n\t\t\t\t\t\t<label for=\"addoffer\">Me gustar\u00eda usar Nuki para mi propia empresa.<\/label>\n\t\t\t\t\t<\/p>\n\t\t\t\t\t<p class=\"grid-100\">\n\t\t\t\t\t\t<label>\u00bfTienes una tienda f\u00edsica o en l\u00ednea?\t\t\t\t\t\t\t<strong>*<\/strong><\/label>\n\t\t\t\t\t\t<br>\n\t\t\t\t\t\t<input type=\"checkbox\" id=\"physicalstore\" name=\"store[]\" value=\"physicalstore\"  \/>\n\t\t\t\t\t\t<label for=\"physicalstore\">Tienda f\u00edsica<\/label>\n\t\t\t\t\t\t<br>\n\t\t\t\t\t\t<input type=\"checkbox\" id=\"onlineshop\" name=\"store[]\" value=\"onlineshop\" class=\"shopcheck\"  \/>\n\t\t\t\t\t\t<label for=\"onlineshop\">Tienda en l\u00ednea<\/label>\n\t\t\t\t\t<\/p>\n\t\t\t\t\t<p class=\"form-row grid-100\" style=\"display: none\" id=\"onlineshopurlwrap\">\n\t\t\t\t\t\t<label for=\"onlineshopurl\">URL de la tienda en l\u00ednea<\/label>\n\t\t\t\t\t\t<input type=\"text\" name=\"onlineshopurl\" id=\"onlineshopurl\" value=\"\">\n\t\t\t\t\t<\/p>\n\t\t\t\t\t\n\t\t\t\t\t<p class=\"grid-100\">\n\t\t\t\t\t\t<label>\u00bfComo has conocido el programa Nuki Pro?  <strong>*<\/strong><\/label>\n\t\t\t\t\t\t<br>\n\t\t\t\t\t\t<input type=\"checkbox\" id=\"social-media\" name=\"where[]\" value=\"social-media\" class=\"uncheck-where\"  \/>\n\t\t\t\t\t\t<label for=\"social-media\">Redes sociales<\/label>\n\t\t\t\t\t\t<br>\n\t\t\t\t\t\t<input type=\"checkbox\" id=\"internet-research\" name=\"where[]\" value=\"internet-research\" class=\"uncheck-where\"  \/>\n\t\t\t\t\t\t<label for=\"internet-research\">B\u00fasqueda en internet<\/label>\n\t\t\t\t\t\t<br>\n\t\t\t\t\t\t<input type=\"checkbox\" id=\"magazines\" name=\"where[]\" value=\"magazines\" class=\"uncheck-where\"  \/>\n\t\t\t\t\t\t<label for=\"magazines\">Revistas<\/label>\n\t\t\t\t\t\t<br>\n\t\t\t\t\t\t<input type=\"checkbox\" id=\"exhibition\" name=\"where[]\" value=\"exhibition\" class=\"uncheck-where\"  \/>\n\t\t\t\t\t\t<label for=\"exhibition\">Feria <\/label>\n\t\t\t\t\t\t<br>\n\t\t\t\t\t\t<input type=\"checkbox\" id=\"friends-relatives\" name=\"where[]\" value=\"friends-relatives\" class=\"uncheck-where\"  \/>\n\t\t\t\t\t\t<label for=\"friends-relatives\">Amigos\/relativos <\/label>\n\t\t\t\t\t\t<br>\n\t\t\t\t\t\t<input type=\"checkbox\" id=\"other-where\" name=\"where[]\" value=\"other-where\" class=\"uncheck-where last\"  \/>\n\t\t\t\t\t\t<label for=\"other-where\">Otra<\/label>\n\t\t\t\t\t<\/p>\n\t\t\t\t\t<p class=\"form-row grid-100\" style=\"display: none; \" id=\"otherwherewrap\">\n\t\t\t\t\t\t<label for=\"otherwhere\">Otra (indique una)<\/label>\n\t\t\t\t\t\t<input type=\"text\" name=\"otherwhere\" id=\"otherwhere\" value=\"\">\n\t\t\t\t\t<\/p>\n\t\t\t\t\t\n\t\t\t\t\t<p class=\"form-row grid-100\">\n\t\t\t\t\t\t<label for=\"message\">Cu\u00e9ntenos m\u00e1s sobre tu empresa: Clientes, oportunidades de venta, \u00e1rea de negocios (nacional, internacional, mundial), aplicaci\u00f3n prevista de Nuki, volumen de ventas estimado por a\u00f1o, etc. <\/label>\n\t\t\t\t\t\t<textarea name=\"message\" id=\"message\"><\/textarea>\n\t\t\t\t\t<\/p>\n\t\t\t\t\t<p class=\"grid-100\">\n\t\t\t\t\t\t<input type=\"checkbox\" name=\"terms\" value=\"1\"  \/>\n\t\t\t\t\t\t<label for=\"terms\">\n\t\t\t\t\t\t\tHe le\u00eddo y acepto los <a href=\"https:\/\/pro.nuki.io\/wp-content\/uploads\/2023\/03\/partner_agreement_23_ES.pdf\" target=\"_blank\">T\u00e9rminos y Condiciones Especiales para socios Nuki Pro<\/a> as\u00ed como los <a href=\"https:\/\/pro.nuki.io\/es\/condiciones-generales-de-contratacion\/\" target=\"_blank\">T\u00e9rminos y Condiciones Generales de Nuki<\/a>.\t\t\t\t\t\t<\/label>\n\t\t\t\t\t<\/p>\n\t\t\t\t\t\n\t\t\t\t\t<!-- Hidden tracking fields -->\n\t\t\t\t\t<input type=\"hidden\" name=\"campaignId\" value=\"-\"\/>\n\t\t\t\t\t<input type=\"hidden\" name=\"utm_source\" value=\"\"\/>\n\t\t\t\t\t<input type=\"hidden\" name=\"utm_medium\" value=\"\"\/>\n\t\t\t\t\t<input type=\"hidden\" name=\"utm_campaign_id\" value=\"\"\/>\n\t\t\t\t\t<input type=\"hidden\" name=\"utm_campaign\" value=\"\"\/>\n\t\t\t\t\t<input type=\"hidden\" name=\"utm_content\" value=\"\"\/>\n\t\t\t\t\t<input type=\"hidden\" name=\"locale\" value=\"\"\/>\n\t\t\t\t\t\n\t\t\t\t\t<p class=\"signup-submit\">\n\t\t\t\t\t\t<input type=\"submit\" name=\"submit\" class=\"register-button\" value=\"Registro\"\/>\n\t\t\t\t\t<\/p>\n\t\t\t\t<\/div>\n\t\t\t\t<div id=\"country-show\" style=\"display: none\">\n\t\t\t\t\t<p class=\"form-row grid-100\">Gracias por su inter\u00e9s en convertirse en socio de Nuki Pro. Lamentablemente, no es posible registrarse en la tienda Nuki Pro con el pa\u00eds que ha elegido. P\u00f3ngase en contacto con nuestro distribuidor local exclusivo.\t\t\t\t\t\t<a href=\"\" target=\"_blank\" id=\"disti-url\">\n\t\t\t\t\t\t\t<strong id=\"disti-name\"><\/strong>\n\t\t\t\t\t\t<\/a>\n\t\t\t\t\t<\/p>\n\t\t\t\t<\/div>\n\t\t\t<\/div>\n\t\t<\/div>\n\t<\/form>\n<\/div>\n<script>\n\tjQuery(document).ready(function ($) {\n\n\t\t\/\/ ---- UMC Cookie Fallback ----\n\t\t\/\/ PHP reads the cookie server-side, but if it wasn't available at render time\n\t\t\/\/ (e.g. set by JS on the same or a previous page), we fill the fields here.\n\t\tfunction getUmcCookie() {\n\t\t\tvar match = document.cookie.match(\/(^|;\\s*)umc=([^;]*)\/);\n\t\t\treturn match ? match[2] : null;\n\t\t}\n\n\t\tvar rawUmc = getUmcCookie();\n\t\tif (rawUmc) {\n\t\t\ttry {\n\t\t\t\tvar umc = JSON.parse(decodeURIComponent(rawUmc));\n\t\t\t\tvar fields = {\n\t\t\t\t\t'utm_source':      umc.source       || '',\n\t\t\t\t\t'utm_medium':      umc.medium       || '',\n\t\t\t\t\t'utm_campaign_id': umc.campaignId   || '',\n\t\t\t\t\t'utm_campaign':    umc.campaignName || '',\n\t\t\t\t\t'utm_content':     umc.content      || '',\n\t\t\t\t\t'locale':          umc.locale       || ''\n\t\t\t\t};\n\t\t\t\t$.each(fields, function (name, value) {\n\t\t\t\t\tvar $field = $('input[name=\"' + name + '\"]');\n\t\t\t\t\t\/\/ Only fill if PHP left the field empty (don't override URL-param values)\n\t\t\t\t\tif ($field.length && $field.val() === '' && value) {\n\t\t\t\t\t\t$field.val(value);\n\t\t\t\t\t}\n\t\t\t\t});\n\t\t\t} catch (e) {\n\t\t\t\tconsole.warn('umc cookie parse error:', e);\n\t\t\t}\n\t\t}\n\t\t\/\/ ---- End UMC Cookie Fallback ----\n\n\t\tvar notAllowedCountries = ['CZ', 'SK']; \/\/'RO', 'GR', 'PT', 'LT', 'LV', 'EE'\n\t\tvar distributors = {\n\t\t\tCZ: {name: \"Elektro-System-Technik s.r.o.\", url: \"http:\/\/www.est-praha.cz\/\"},\n\t\t\tSK: {name: \"EST Elektro-System-Technik, s.r.o.\", url: \"http:\/\/www.est-slovensko.sk\/\"},\n\t\t\t\/\/RO: {name: \"Automatech Online SRL\", url: \"https:\/\/automa.ro\/\"},\n\t\t\t\/\/GR: {name: \"NS Key\", url: \"https:\/\/www.nal.gr\"},\n\t\t\t\/\/PT: {name: \"Servisoft\", url: \"https:\/\/www.servisoft.pt\/\"},\n\t\t\t\/\/PL: {name: \"Horn Distribution S.A.\", url: \"https:\/\/pl.horn.eu\/\"}\n\t\t\t\/\/EE: {name: \"BAJTEL\", url: \"http:\/\/bajtel.lv\/ \"},\n\t\t\t\/\/LT: {name: \"BAJTEL\", url: \"http:\/\/bajtel.lv\/ \"},\n\t\t\t\/\/LV: {name: \"BAJTEL\", url: \"http:\/\/bajtel.lv\/ \"},\n\t\t}\n\n\t\t$('#country').on('change', function () {\n\t\t\tif ($.inArray($(this).val(), notAllowedCountries) !== -1) {\n\t\t\t\t$('#country-hide').hide();\n\t\t\t\t$('#country-show').show();\n\t\t\t\t$('#disti-url').attr('href', distributors[$(this).val()]['url']);\n\t\t\t\t$('#disti-name').text(distributors[$(this).val()]['name']);\n\t\t\t} else {\n\t\t\t\t$('#country-hide').show();\n\t\t\t\t$('#country-show').hide();\n\t\t\t}\n\t\t});\n\n\t\t$('input[name=\"profession\"]').on('change', function () {\n\t\t\tif ($(this).val() === 'other') {\n\t\t\t\t$('#otherprofessionwrap').show();\n\t\t\t} else {\n\t\t\t\t$('#otherprofessionwrap').hide();\n\t\t\t}\n\t\t});\n\t\t\n\t\t$('input.uncheck-where').on('change', function () {\n\t\t\tif ($(this).hasClass('last')) {\n\t\t\t\t$('input.uncheck-where').not(this).prop('checked', false);\n\t\t\t\t$('#otherwherewrap').show();\n\t\t\t} else {\n\t\t\t\t$('#other-where').prop('checked', false);\n\t\t\t\t$('#otherwherewrap').hide();\n\t\t\t}\n\t\t});\n\n\t\t$('.shopcheck').on('change', function () {\n\t\t\t$('#onlineshopurlwrap').toggle();\n\t\t});\n\t\t$('#websitecheck').on('change', function () {\n\t\t\t$('#website').toggle();\n\t\t});\n\n\t\t$('#signupform').submit(function () {\n\t\t\tvar alertMessage = '';\n\t\t\tif ($('#onlineshop').is(':checked') && $('#onlineshopurl').val() == \"\") {\n\t\t\t\t$('#onlineshopurl').focus();\n\t\t\t\talertMessage = '\u2022 Introduzca la URL de su tienda en l\u00ednea \\n';\n\t\t\t}\n\t\t\tif (!$('#websitecheck').is(':checked') && $('#website').val() == \"\") {\n\t\t\t\t$('#onlineshopurl').focus();\n\t\t\t\talertMessage += '\u2022 Introduzca la URL de su p\u00e1gina web \\n';\n\t\t\t}\n\t\t\tif ($('#country').val() == 'CH') {\n\t\t\t\tlet vatNumber = $('#vat-number').val();\n\t\t\t\tlet vatRegex = new RegExp(\/((CHE)(-|\\s)?|)\\d{3}(\\.|\\s)?\\d{3}(\\.|\\s)?\\d{3}(\\s)?(IVA|TVA|MWST|VAT)?\/g);\n\t\t\t\tif (!vatRegex.test(vatNumber)) {\n\t\t\t\t\talertMessage += '\u2022 Please enter correct VAT number \\n';\n\t\t\t\t}\n\t\t\t}\n\t\t\tif ($('#other').is(':checked') && $('#otherprofession').val().trim() === \"\") {\n\t\t\t\t$('#otherprofession').focus();\n\t\t\t\talertMessage += '\u2022 Please specify your profession \\n';\n\t\t\t}\n\t\t\tif (alertMessage !== \"\") {\n\t\t\t\talert(alertMessage);\n\t\t\t\treturn false;\n\t\t\t}\n\t\t});\n\t});\n<\/script>","protected":false},"excerpt":{"rendered":"\u00bfQuiere a\u00f1adir Nuki a su gama de productos y beneficiarse de nuestro exclusivo programa para socios? Entonces rellene el formulario de inscripci\u00f3n. Nos alegraremos de tener noticias suyas. &nbsp;","protected":false},"author":2201,"featured_media":0,"parent":0,"menu_order":0,"comment_status":"closed","ping_status":"closed","template":"template-blanko.php","meta":{"footnotes":""},"acf":[],"_links":{"self":[{"href":"https:\/\/pro.nuki.io\/es\/wp-json\/wp\/v2\/pages\/8431"}],"collection":[{"href":"https:\/\/pro.nuki.io\/es\/wp-json\/wp\/v2\/pages"}],"about":[{"href":"https:\/\/pro.nuki.io\/es\/wp-json\/wp\/v2\/types\/page"}],"author":[{"embeddable":true,"href":"https:\/\/pro.nuki.io\/es\/wp-json\/wp\/v2\/users\/2201"}],"replies":[{"embeddable":true,"href":"https:\/\/pro.nuki.io\/es\/wp-json\/wp\/v2\/comments?post=8431"}],"version-history":[{"count":0,"href":"https:\/\/pro.nuki.io\/es\/wp-json\/wp\/v2\/pages\/8431\/revisions"}],"wp:attachment":[{"href":"https:\/\/pro.nuki.io\/es\/wp-json\/wp\/v2\/media?parent=8431"}],"curies":[{"name":"wp","href":"https:\/\/api.w.org\/{rel}","templated":true}]}}