 
 
 
{"id":589,"date":"2018-07-24T08:56:22","date_gmt":"2018-07-24T06:56:22","guid":{"rendered":"https:\/\/pro.nuki.io\/?page_id=589"},"modified":"2018-07-24T08:56:22","modified_gmt":"2018-07-24T06:56:22","slug":"inscription-partenaire-nuki-pro","status":"publish","type":"page","link":"https:\/\/pro.nuki.io\/fr\/inscription-partenaire-nuki-pro\/","title":{"rendered":"Inscription partenaire Nuki Pro"},"content":{"rendered":"<p style=\"text-align: center;\">Vous souhaitez ajouter Nuki \u00e0 votre gamme de produits et b\u00e9n\u00e9ficier de notre programme de partenariat exclusif ?<br>\r\nVeuillez remplir le formulaire d&#8217;inscription. Nous nous r\u00e9jouissons de l&#8217;int\u00e9r\u00eat que vous nous portez !<\/p>\r\n&nbsp;\r\n\r\n<div id=\"register-form\" class=\"widecolumn register-form\">\n\t\t\t\t<form id=\"signupform\" action1=\"https:\/\/pro.nuki.io\/wp-login.php?action=register\" method=\"post\">\n\t\t<div class=\"grid-container\">\n\t\t\t<div class=\"grid-70 prefix-15 suffix-15\">\n\t\t\t\t<p class=\"form-row grid-100\">\n\t\t\t\t\t<label for=\"country\">Pays <strong>*<\/strong><\/label>\n\t\t\t\t\t<select name=\"country\" id=\"country\">\n\t\t\t\t\t\t<option value=\"\">Choix du pays\u2026<\/option>\n\t\t\t\t\t\t\t\t\t\t\t\t\t<option value=\"BE\">Belgique<\/option>';\n\t\t\t\t\t\t\t\t\t\t\t\t\t<option value=\"BG\">Bulgarie<\/option>';\n\t\t\t\t\t\t\t\t\t\t\t\t\t<option value=\"DE\">Allemagne<\/option>';\n\t\t\t\t\t\t\t\t\t\t\t\t\t<option value=\"DK\">Danemark<\/option>';\n\t\t\t\t\t\t\t\t\t\t\t\t\t<option value=\"EE\">Estonie<\/option>';\n\t\t\t\t\t\t\t\t\t\t\t\t\t<option value=\"FI\">Finlande<\/option>';\n\t\t\t\t\t\t\t\t\t\t\t\t\t<option value=\"FR\">France<\/option>';\n\t\t\t\t\t\t\t\t\t\t\t\t\t<option value=\"GR\">Gr\u00e8ce<\/option>';\n\t\t\t\t\t\t\t\t\t\t\t\t\t<option value=\"IE\">Irlande <\/option>';\n\t\t\t\t\t\t\t\t\t\t\t\t\t<option value=\"IT\">Italie<\/option>';\n\t\t\t\t\t\t\t\t\t\t\t\t\t<option value=\"HR\">Croatie<\/option>';\n\t\t\t\t\t\t\t\t\t\t\t\t\t<option value=\"LV\">Lettonie<\/option>';\n\t\t\t\t\t\t\t\t\t\t\t\t\t<option value=\"LT\">Lituanie<\/option>';\n\t\t\t\t\t\t\t\t\t\t\t\t\t<option value=\"LU\">Luxembourg<\/option>';\n\t\t\t\t\t\t\t\t\t\t\t\t\t<option value=\"MT\">Malte<\/option>';\n\t\t\t\t\t\t\t\t\t\t\t\t\t<option value=\"MC\">Monaco<\/option>';\n\t\t\t\t\t\t\t\t\t\t\t\t\t<option value=\"NL\">Pays-Bas<\/option>';\n\t\t\t\t\t\t\t\t\t\t\t\t\t<option value=\"GB\">Irlande du Nord <\/option>';\n\t\t\t\t\t\t\t\t\t\t\t\t\t<option value=\"NO\">Norv\u00e8ge<\/option>';\n\t\t\t\t\t\t\t\t\t\t\t\t\t<option value=\"PL\">Pologne <\/option>';\n\t\t\t\t\t\t\t\t\t\t\t\t\t<option value=\"PT\">Portugal <\/option>';\n\t\t\t\t\t\t\t\t\t\t\t\t\t<option value=\"RO\">Roumanie <\/option>';\n\t\t\t\t\t\t\t\t\t\t\t\t\t<option value=\"SE\">Su\u00e8de <\/option>';\n\t\t\t\t\t\t\t\t\t\t\t\t\t<option value=\"CH\">Suisse <\/option>';\n\t\t\t\t\t\t\t\t\t\t\t\t\t<option value=\"SK\">Slovaquie <\/option>';\n\t\t\t\t\t\t\t\t\t\t\t\t\t<option value=\"SI\">Slov\u00e9nie <\/option>';\n\t\t\t\t\t\t\t\t\t\t\t\t\t<option value=\"ES\">Espagne <\/option>';\n\t\t\t\t\t\t\t\t\t\t\t\t\t<option value=\"CZ\">R\u00e9publique Tch\u00e8que <\/option>';\n\t\t\t\t\t\t\t\t\t\t\t\t\t<option value=\"HU\">Hongrie <\/option>';\n\t\t\t\t\t\t\t\t\t\t\t\t\t<option value=\"CY\">Chypre <\/option>';\n\t\t\t\t\t\t\t\t\t\t\t\t\t<option value=\"AT\">Autriche <\/option>';\n\t\t\t\t\t\t\t\t\t\t\t<\/select>\n\t\t\t\t<\/p>\n\t\t\t\t<div id=\"country-hide\">\n\t\t\t\t\t<p class=\"form-row grid-20\">\n\t\t\t\t\t\t<label for=\"salutation\">Civilit\u00e9\t\t\t\t\t\t\t<strong>*<\/strong>\n\t\t\t\t\t\t<\/label>\n\t\t\t\t\t\t<select name=\"salutation\">\n\t\t\t\t\t\t\t<option value=\"\">S\u00e9lectionner\u2026<\/option>\n\t\t\t\t\t\t\t<option value=\"mr\" >Monsieur<\/option>\n\t\t\t\t\t\t\t<option value=\"mrs\" >Mme<\/option>\n\t\t\t\t\t\t\t<option value=\"company\" >Entreprise<\/option>\n\t\t\t\t\t\t<\/select>\n\t\t\t\t\t<\/p>\n\t\t\t\t\t<p class=\"form-row grid-40\">\n\t\t\t\t\t\t<label for=\"first_name\">Pr\u00e9nom\t\t\t\t\t\t\t<strong>*<\/strong><\/label>\n\t\t\t\t\t\t<input type=\"text\" name=\"first_name\" id=\"first-name\" maxlength=\"15\" value=\"\">\n\t\t\t\t\t<\/p>\n\t\t\t\t\t<p class=\"form-row grid-40\">\n\t\t\t\t\t\t<label for=\"last_name\">Nom <strong>*<\/strong><\/label>\n\t\t\t\t\t\t<input type=\"text\" name=\"last_name\" id=\"last-name\" maxlength=\"15\" value=\"\">\n\t\t\t\t\t<\/p>\n\t\t\t\t\t<p class=\"form-row grid-70\">\n\t\t\t\t\t\t<label for=\"company\">Nom de l\u2019entreprise\t\t\t\t\t\t\t<strong>*<\/strong>\n\t\t\t\t\t\t<\/label>\n\t\t\t\t\t\t<input type=\"text\" name=\"company\" id=\"company\" maxlength=\"25\" value=\"\">\n\t\t\t\t\t<\/p>\n\t\t\t\t\t<p class=\"form-row grid-30\">\n\t\t\t\t\t\t<label for=\"vat_number\">Num\u00e9ro de TVA intracommunautaire\t\t\t\t\t\t\t<strong>*<\/strong>\n\t\t\t\t\t\t<\/label>\n\t\t\t\t\t\t<input type=\"text\" name=\"vat_number\" id=\"vat-number\" maxlength=\"25\" value=\"\">\n\t\t\t\t\t<\/p>\n\t\t\t\t\t<p class=\"form-row grid-70\">\n\t\t\t\t\t\t<label for=\"street\">Adresse <strong>*<\/strong><\/label>\n\t\t\t\t\t\t<input type=\"text\" name=\"street\" id=\"street\" maxlength=\"25\" value=\"\">\n\t\t\t\t\t<\/p>\n\t\t\t\t\t<p class=\"form-row grid-30\">\n\t\t\t\t\t\t<label for=\"house_number\">Num\u00e9ro de rue\t\t\t\t\t\t\t<strong>*<\/strong>\n\t\t\t\t\t\t<\/label>\n\t\t\t\t\t\t<input type=\"text\" name=\"house_number\" id=\"house-number\" maxlength=\"10\" value=\"\">\n\t\t\t\t\t<\/p>\n\t\t\t\t\t<p class=\"form-row grid-30\">\n\t\t\t\t\t\t<label for=\"zip\">Code postal <strong>*<\/strong><\/label>\n\t\t\t\t\t\t<input type=\"text\" name=\"zip\" id=\"zip\" maxlength=\"12\" value=\"\">\n\t\t\t\t\t<\/p>\n\t\t\t\t\t<p class=\"form-row grid-70\">\n\t\t\t\t\t\t<label for=\"city\">Ville <strong>*<\/strong><\/label>\n\t\t\t\t\t\t<input type=\"text\" name=\"city\" id=\"city\" maxlength=\"20\" value=\"\">\n\t\t\t\t\t<\/p>\n\t\t\t\t\t<p class=\"form-row grid-50\">\n\t\t\t\t\t\t<label for=\"phone\">T\u00e9l\u00e9phone <strong>*<\/strong><\/label>\n\t\t\t\t\t\t<input type=\"text\" name=\"phone\" id=\"phone\" maxlength=\"20\" value=\"\">\n\t\t\t\t\t\t<small style=\"display:block;line-height: 1.3em;margin-top: 4px;opacity: 0.75;\">Notez que ce num\u00e9ro de t\u00e9l\u00e9phone appara\u00eetra comme contact sur la carte des revendeurs.<\/small>\n\t\t\t\t\t<\/p>\n\t\t\t\t\t<p class=\"form-row grid-50\">\n\t\t\t\t\t\t<label for=\"email\">E-mail  <strong>*<\/strong><\/label>\n\t\t\t\t\t\t<input type=\"text\" name=\"email\" id=\"email\" value=\"\">\n\t\t\t\t\t<\/p>\n\t\t\t\t\t<p class=\"form-row grid-100\">\n\t\t\t\t\t\t<label for=\"website\">Site Web <strong>*<\/strong><\/label>\n\t\t\t\t\t\t<label style=\"margin-bottom: 5px;\">\n\t\t\t\t\t\t\t<input style=\"margin-right: 5px;\" type=\"checkbox\" name=\"websitecheck\" id=\"websitecheck\" value=\"websitecheck\"  \/>  Je n\u2019ai pas de site internet\t\t\t\t\t\t<\/label>\n\t\t\t\t\t\t<input type=\"text\" style=\"display: block\" name=\"website\" id=\"website\" value=\"\">\n\t\t\t\t\t<\/p>\n\t\t\t\t\t<p class=\"grid-100\">\n\t\t\t\t\t\t<label>Veuillez indiquer votre m\u00e9tier. <strong>*<\/strong><\/label>\n\t\t\t\t\t\t<br>\n\t\t\t\t\t\t<input type=\"radio\" id=\"locksmith\" name=\"profession\" value=\"locksmith\" class=\"uncheck\"  \/>\n\t\t\t\t\t\t<label for=\"locksmith\">Service de serrurerie<\/label>\n\t\t\t\t\t\t<br>\n\t\t\t\t\t\t<input type=\"radio\" id=\"electrician\" name=\"profession\" value=\"electrician\" class=\"uncheck\"  \/>\n\t\t\t\t\t\t<label for=\"electrician\">Entreprise d\u2019installation \u00e9lectrique<\/label>\n\t\t\t\t\t\t<br>\n\t\t\t\t\t\t<input type=\"radio\" id=\"smarthomespecialist\" name=\"profession\" value=\"smarthomespecialist\" class=\"uncheck\"  \/>\n\t\t\t\t\t\t<label for=\"smarthomespecialist\">Fournisseur d'\u00e9quipements domotiques<\/label>\n\t\t\t\t\t\t<br>\n\t\t\t\t\t\t<input type=\"radio\" id=\"doormanufacturer\" name=\"profession\" value=\"doormanufacturer\" class=\"uncheck\"  \/>\n\t\t\t\t\t\t<label for=\"doormanufacturer\">Fabricant de portes\/Menuisier<\/label>\n\t\t\t\t\t\t<br>\n\t\t\t\t\t\t<input type=\"radio\" id=\"wholesale\" name=\"profession\" value=\"wholesale\" class=\"uncheck\"  \/>\n\t\t\t\t\t\t<label for=\"wholesale\">Vente en gros<\/label>\n\t\t\t\t\t\t<br>\n\t\t\t\t\t\t<input type=\"radio\" id=\"retail\" name=\"profession\" value=\"retail\" class=\"uncheck\"  \/>\n\t\t\t\t\t\t<label for=\"retail\">Vente au d\u00e9tail<\/label>\n\t\t\t\t\t\t<br>\n\t\t\t\t\t\t<input type=\"radio\" id=\"other\" name=\"profession\" value=\"other\" class=\"uncheck last\"  \/>\n\t\t\t\t\t\t<label for=\"other\">Autre<\/label>\n\t\t\t\t\t<\/p>\n\t\t\t\t\t\n\t\t\t\t\t<p class=\"form-row grid-100\" style=\"display: none; \" id=\"otherprofessionwrap\">\n\t\t\t\t\t\t<label for=\"otherprofession\">Autre (merci de sp\u00e9cifier) <strong>*<\/strong><\/label>\n\t\t\t\t\t\t<input type=\"text\" name=\"otherprofession\" id=\"otherprofession\" value=\"\">\n\t\t\t\t\t<\/p>\n\t\t\t\t\t<p class=\"grid-100\">\n\t\t\t\t\t\t<label>Quel est le type de collaboration qui vous int\u00e9resse\u00a0?\t\t\t\t\t\t\t<strong>*<\/strong><\/label>\n\t\t\t\t\t\t<br>\n\t\t\t\t\t\t<input type=\"checkbox\" id=\"reseller\" name=\"cooperation[]\" value=\"reseller\"  \/>\n\t\t\t\t\t\t<label for=\"reseller\">J\u2019aimerais travailler en tant que revendeur.<\/label>\n\t\t\t\t\t\t<br>\n\t\t\t\t\t\t<input type=\"checkbox\" id=\"addoffer\" name=\"cooperation[]\" value=\"addoffer\"  \/>\n\t\t\t\t\t\t<label for=\"addoffer\">Je voudrais utiliser Nuki pour ma propre entreprise.<\/label>\n\t\t\t\t\t<\/p>\n\t\t\t\t\t<p class=\"grid-100\">\n\t\t\t\t\t\t<label>Avez-vous un commerce stationnaire et\/ou une boutique en ligne\u00a0?\t\t\t\t\t\t\t<strong>*<\/strong><\/label>\n\t\t\t\t\t\t<br>\n\t\t\t\t\t\t<input type=\"checkbox\" id=\"physicalstore\" name=\"store[]\" value=\"physicalstore\"  \/>\n\t\t\t\t\t\t<label for=\"physicalstore\">commerce stationnaire<\/label>\n\t\t\t\t\t\t<br>\n\t\t\t\t\t\t<input type=\"checkbox\" id=\"onlineshop\" name=\"store[]\" value=\"onlineshop\" class=\"shopcheck\"  \/>\n\t\t\t\t\t\t<label for=\"onlineshop\">boutique en ligne<\/label>\n\t\t\t\t\t<\/p>\n\t\t\t\t\t<p class=\"form-row grid-100\" style=\"display: none\" id=\"onlineshopurlwrap\">\n\t\t\t\t\t\t<label for=\"onlineshopurl\">URL boutique en ligne<\/label>\n\t\t\t\t\t\t<input type=\"text\" name=\"onlineshopurl\" id=\"onlineshopurl\" value=\"\">\n\t\t\t\t\t<\/p>\n\t\t\t\t\t\n\t\t\t\t\t<p class=\"grid-100\">\n\t\t\t\t\t\t<label>O\u00f9 avez-vous entendu parler du programme Nuki Pro ?  <strong>*<\/strong><\/label>\n\t\t\t\t\t\t<br>\n\t\t\t\t\t\t<input type=\"checkbox\" id=\"social-media\" name=\"where[]\" value=\"social-media\" class=\"uncheck-where\"  \/>\n\t\t\t\t\t\t<label for=\"social-media\">M\u00e9dias sociaux (ex. Facebook)<\/label>\n\t\t\t\t\t\t<br>\n\t\t\t\t\t\t<input type=\"checkbox\" id=\"internet-research\" name=\"where[]\" value=\"internet-research\" class=\"uncheck-where\"  \/>\n\t\t\t\t\t\t<label for=\"internet-research\">Recherche sur Internet<\/label>\n\t\t\t\t\t\t<br>\n\t\t\t\t\t\t<input type=\"checkbox\" id=\"magazines\" name=\"where[]\" value=\"magazines\" class=\"uncheck-where\"  \/>\n\t\t\t\t\t\t<label for=\"magazines\">Magazines<\/label>\n\t\t\t\t\t\t<br>\n\t\t\t\t\t\t<input type=\"checkbox\" id=\"exhibition\" name=\"where[]\" value=\"exhibition\" class=\"uncheck-where\"  \/>\n\t\t\t\t\t\t<label for=\"exhibition\">Salon<\/label>\n\t\t\t\t\t\t<br>\n\t\t\t\t\t\t<input type=\"checkbox\" id=\"friends-relatives\" name=\"where[]\" value=\"friends-relatives\" class=\"uncheck-where\"  \/>\n\t\t\t\t\t\t<label for=\"friends-relatives\">Amis\/connaissances<\/label>\n\t\t\t\t\t\t<br>\n\t\t\t\t\t\t<input type=\"checkbox\" id=\"other-where\" name=\"where[]\" value=\"other-where\" class=\"uncheck-where last\"  \/>\n\t\t\t\t\t\t<label for=\"other-where\">Autre<\/label>\n\t\t\t\t\t<\/p>\n\t\t\t\t\t<p class=\"form-row grid-100\" style=\"display: none; \" id=\"otherwherewrap\">\n\t\t\t\t\t\t<label for=\"otherwhere\">Autre (merci de sp\u00e9cifier)<\/label>\n\t\t\t\t\t\t<input type=\"text\" name=\"otherwhere\" id=\"otherwhere\" value=\"\">\n\t\t\t\t\t<\/p>\n\t\t\t\t\t\n\t\t\t\t\t<p class=\"form-row grid-100\">\n\t\t\t\t\t\t<label for=\"message\">Parlez-nous un peu plus en d\u00e9tail de votre entreprise\u00a0: client\u00e8le, d\u00e9bouch\u00e9s, domaine d'activit\u00e9 (national, international, mondial), possibilit\u00e9s d\u2019applications de Nuki en vue, estimation du volume des ventes annuelles etc. <\/label>\n\t\t\t\t\t\t<textarea name=\"message\" id=\"message\"><\/textarea>\n\t\t\t\t\t<\/p>\n\t\t\t\t\t<p class=\"grid-100\">\n\t\t\t\t\t\t<input type=\"checkbox\" name=\"terms\" value=\"1\"  \/>\n\t\t\t\t\t\t<label for=\"terms\">\n\t\t\t\t\t\t\tJ\u2019ai lu et j\u2019accepte les <a href=\"https:\/\/pro.nuki.io\/wp-content\/uploads\/2023\/03\/partner_agreement_23_FR.pdf\" target=\"_blank\">Conditions particuli\u00e8res de vente pour partenaires Nuki Pro<\/a> ainsi que les <a href=\"https:\/\/pro.nuki.io\/fr\/conditions-generales\/\" target=\"_blank\">Conditions g\u00e9n\u00e9rales de vente de Nuki<\/a>.\t\t\t\t\t\t<\/label>\n\t\t\t\t\t<\/p>\n\t\t\t\t\t\n\t\t\t\t\t<!-- Hidden tracking fields -->\n\t\t\t\t\t<input type=\"hidden\" name=\"campaignId\" value=\"-\"\/>\n\t\t\t\t\t<input type=\"hidden\" name=\"utm_source\" value=\"\"\/>\n\t\t\t\t\t<input type=\"hidden\" name=\"utm_medium\" value=\"\"\/>\n\t\t\t\t\t<input type=\"hidden\" name=\"utm_campaign_id\" value=\"\"\/>\n\t\t\t\t\t<input type=\"hidden\" name=\"utm_campaign\" value=\"\"\/>\n\t\t\t\t\t<input type=\"hidden\" name=\"utm_content\" value=\"\"\/>\n\t\t\t\t\t<input type=\"hidden\" name=\"locale\" value=\"\"\/>\n\t\t\t\t\t\n\t\t\t\t\t<p class=\"signup-submit\">\n\t\t\t\t\t\t<input type=\"submit\" name=\"submit\" class=\"register-button\" value=\"Inscription\"\/>\n\t\t\t\t\t<\/p>\n\t\t\t\t<\/div>\n\t\t\t\t<div id=\"country-show\" style=\"display: none\">\n\t\t\t\t\t<p class=\"form-row grid-100\">Nous sommes ravis de l\u2019int\u00e9r\u00eat que vous portez au programme de partenariat Nuki Pro\u00a0! Une inscription \u00e0 la boutique Nuki Pro n\u2019est malheureusement pas possible pour le pays que vous avez choisi. Veuillez vous adresser sur place \u00e0 notre partenaire de distribution exclusif.\t\t\t\t\t\t<a href=\"\" target=\"_blank\" id=\"disti-url\">\n\t\t\t\t\t\t\t<strong id=\"disti-name\"><\/strong>\n\t\t\t\t\t\t<\/a>\n\t\t\t\t\t<\/p>\n\t\t\t\t<\/div>\n\t\t\t<\/div>\n\t\t<\/div>\n\t<\/form>\n<\/div>\n<script>\n\tjQuery(document).ready(function ($) {\n\n\t\t\/\/ ---- UMC Cookie Fallback ----\n\t\t\/\/ PHP reads the cookie server-side, but if it wasn't available at render time\n\t\t\/\/ (e.g. set by JS on the same or a previous page), we fill the fields here.\n\t\tfunction getUmcCookie() {\n\t\t\tvar match = document.cookie.match(\/(^|;\\s*)umc=([^;]*)\/);\n\t\t\treturn match ? match[2] : null;\n\t\t}\n\n\t\tvar rawUmc = getUmcCookie();\n\t\tif (rawUmc) {\n\t\t\ttry {\n\t\t\t\tvar umc = JSON.parse(decodeURIComponent(rawUmc));\n\t\t\t\tvar fields = {\n\t\t\t\t\t'utm_source':      umc.source       || '',\n\t\t\t\t\t'utm_medium':      umc.medium       || '',\n\t\t\t\t\t'utm_campaign_id': umc.campaignId   || '',\n\t\t\t\t\t'utm_campaign':    umc.campaignName || '',\n\t\t\t\t\t'utm_content':     umc.content      || '',\n\t\t\t\t\t'locale':          umc.locale       || ''\n\t\t\t\t};\n\t\t\t\t$.each(fields, function (name, value) {\n\t\t\t\t\tvar $field = $('input[name=\"' + name + '\"]');\n\t\t\t\t\t\/\/ Only fill if PHP left the field empty (don't override URL-param values)\n\t\t\t\t\tif ($field.length && $field.val() === '' && value) {\n\t\t\t\t\t\t$field.val(value);\n\t\t\t\t\t}\n\t\t\t\t});\n\t\t\t} catch (e) {\n\t\t\t\tconsole.warn('umc cookie parse error:', e);\n\t\t\t}\n\t\t}\n\t\t\/\/ ---- End UMC Cookie Fallback ----\n\n\t\tvar notAllowedCountries = ['CZ', 'SK']; \/\/'RO', 'GR', 'PT', 'LT', 'LV', 'EE'\n\t\tvar distributors = {\n\t\t\tCZ: {name: \"Elektro-System-Technik s.r.o.\", url: \"http:\/\/www.est-praha.cz\/\"},\n\t\t\tSK: {name: \"EST Elektro-System-Technik, s.r.o.\", url: \"http:\/\/www.est-slovensko.sk\/\"},\n\t\t\t\/\/RO: {name: \"Automatech Online SRL\", url: \"https:\/\/automa.ro\/\"},\n\t\t\t\/\/GR: {name: \"NS Key\", url: \"https:\/\/www.nal.gr\"},\n\t\t\t\/\/PT: {name: \"Servisoft\", url: \"https:\/\/www.servisoft.pt\/\"},\n\t\t\t\/\/PL: {name: \"Horn Distribution S.A.\", url: \"https:\/\/pl.horn.eu\/\"}\n\t\t\t\/\/EE: {name: \"BAJTEL\", url: \"http:\/\/bajtel.lv\/ \"},\n\t\t\t\/\/LT: {name: \"BAJTEL\", url: \"http:\/\/bajtel.lv\/ \"},\n\t\t\t\/\/LV: {name: \"BAJTEL\", url: \"http:\/\/bajtel.lv\/ \"},\n\t\t}\n\n\t\t$('#country').on('change', function () {\n\t\t\tif ($.inArray($(this).val(), notAllowedCountries) !== -1) {\n\t\t\t\t$('#country-hide').hide();\n\t\t\t\t$('#country-show').show();\n\t\t\t\t$('#disti-url').attr('href', distributors[$(this).val()]['url']);\n\t\t\t\t$('#disti-name').text(distributors[$(this).val()]['name']);\n\t\t\t} else {\n\t\t\t\t$('#country-hide').show();\n\t\t\t\t$('#country-show').hide();\n\t\t\t}\n\t\t});\n\n\t\t$('input[name=\"profession\"]').on('change', function () {\n\t\t\tif ($(this).val() === 'other') {\n\t\t\t\t$('#otherprofessionwrap').show();\n\t\t\t} else {\n\t\t\t\t$('#otherprofessionwrap').hide();\n\t\t\t}\n\t\t});\n\t\t\n\t\t$('input.uncheck-where').on('change', function () {\n\t\t\tif ($(this).hasClass('last')) {\n\t\t\t\t$('input.uncheck-where').not(this).prop('checked', false);\n\t\t\t\t$('#otherwherewrap').show();\n\t\t\t} else {\n\t\t\t\t$('#other-where').prop('checked', false);\n\t\t\t\t$('#otherwherewrap').hide();\n\t\t\t}\n\t\t});\n\n\t\t$('.shopcheck').on('change', function () {\n\t\t\t$('#onlineshopurlwrap').toggle();\n\t\t});\n\t\t$('#websitecheck').on('change', function () {\n\t\t\t$('#website').toggle();\n\t\t});\n\n\t\t$('#signupform').submit(function () {\n\t\t\tvar alertMessage = '';\n\t\t\tif ($('#onlineshop').is(':checked') && $('#onlineshopurl').val() == \"\") {\n\t\t\t\t$('#onlineshopurl').focus();\n\t\t\t\talertMessage = '\u2022 Veuillez indiquer l\u2019URL de votre boutique en ligne \\n';\n\t\t\t}\n\t\t\tif (!$('#websitecheck').is(':checked') && $('#website').val() == \"\") {\n\t\t\t\t$('#onlineshopurl').focus();\n\t\t\t\talertMessage += '\u2022 Veuillez indiquer l\u2019URL de votre site internet \\n';\n\t\t\t}\n\t\t\tif ($('#country').val() == 'CH') {\n\t\t\t\tlet vatNumber = $('#vat-number').val();\n\t\t\t\tlet vatRegex = new RegExp(\/((CHE)(-|\\s)?|)\\d{3}(\\.|\\s)?\\d{3}(\\.|\\s)?\\d{3}(\\s)?(IVA|TVA|MWST|VAT)?\/g);\n\t\t\t\tif (!vatRegex.test(vatNumber)) {\n\t\t\t\t\talertMessage += '\u2022 Please enter correct VAT number \\n';\n\t\t\t\t}\n\t\t\t}\n\t\t\tif ($('#other').is(':checked') && $('#otherprofession').val().trim() === \"\") {\n\t\t\t\t$('#otherprofession').focus();\n\t\t\t\talertMessage += '\u2022 Please specify your profession \\n';\n\t\t\t}\n\t\t\tif (alertMessage !== \"\") {\n\t\t\t\talert(alertMessage);\n\t\t\t\treturn false;\n\t\t\t}\n\t\t});\n\t});\n<\/script>\r\n\r\n","protected":false},"excerpt":{"rendered":"Vous souhaitez ajouter Nuki \u00e0 votre gamme de produits et b\u00e9n\u00e9ficier de notre programme de partenariat exclusif ? Veuillez remplir le formulaire d&#8217;inscription. Nous nous r\u00e9jouissons de l&#8217;int\u00e9r\u00eat que vous nous portez ! &nbsp;","protected":false},"author":141,"featured_media":0,"parent":0,"menu_order":0,"comment_status":"closed","ping_status":"closed","template":"template-blanko.php","meta":{"footnotes":""},"acf":[],"_links":{"self":[{"href":"https:\/\/pro.nuki.io\/fr\/wp-json\/wp\/v2\/pages\/589"}],"collection":[{"href":"https:\/\/pro.nuki.io\/fr\/wp-json\/wp\/v2\/pages"}],"about":[{"href":"https:\/\/pro.nuki.io\/fr\/wp-json\/wp\/v2\/types\/page"}],"author":[{"embeddable":true,"href":"https:\/\/pro.nuki.io\/fr\/wp-json\/wp\/v2\/users\/141"}],"replies":[{"embeddable":true,"href":"https:\/\/pro.nuki.io\/fr\/wp-json\/wp\/v2\/comments?post=589"}],"version-history":[{"count":0,"href":"https:\/\/pro.nuki.io\/fr\/wp-json\/wp\/v2\/pages\/589\/revisions"}],"wp:attachment":[{"href":"https:\/\/pro.nuki.io\/fr\/wp-json\/wp\/v2\/media?parent=589"}],"curies":[{"name":"wp","href":"https:\/\/api.w.org\/{rel}","templated":true}]}}